{"id":349,"date":"2025-09-16T15:20:46","date_gmt":"2025-09-16T15:20:46","guid":{"rendered":"https:\/\/bitozziscale.com\/?page_id=349"},"modified":"2025-10-30T10:36:57","modified_gmt":"2025-10-30T10:36:57","slug":"contatti","status":"publish","type":"page","link":"https:\/\/bitozziscale.com\/index.php\/contatti\/","title":{"rendered":"CONTATTI"},"content":{"rendered":"\n\n  <div class=\"banner has-hover\" id=\"banner-1373819221\">\n          <div class=\"banner-inner fill\">\n        <div class=\"banner-bg fill\" >\n                                                \n                    <\/div>\n\t\t\n        <div class=\"banner-layers container\">\n            <div class=\"fill banner-link\"><\/div>            \n\n   <div id=\"text-box-1135586388\" class=\"text-box banner-layer x50 md-x50 lg-x50 y100 md-y100 lg-y100 res-text\">\n                                <div class=\"text-box-content text dark\">\n              \n              <div class=\"text-inner text-center\">\n                  \n\n<h1 class=\"uppercase\"><span style=\"color: #dd8827;\"><strong>CONTATTACI<\/strong><\/span><\/h1>\n<p style=\"text-align: center;\">Compila il form per ricevere informazioni o un preventivo personalizzato. Siamo qui per trasformare le tue idee in realt\u00e0<\/p>\n<a href=\"#dovesiamo\" class=\"button primary\"  >\n\t\t<span>oppure vieni a visitare il nostro showroom<\/span>\n\t<i class=\"icon-angle-down\" aria-hidden=\"true\" ><\/i><\/a>\n\n\n\n              <\/div>\n           <\/div>\n                            \n<style>\n#text-box-1135586388 {\n  width: 87%;\n}\n#text-box-1135586388 .text-box-content {\n  font-size: 100%;\n}\n@media (min-width:550px) {\n  #text-box-1135586388 {\n    width: 98%;\n  }\n}\n@media (min-width:850px) {\n  #text-box-1135586388 {\n    width: 94%;\n  }\n}\n<\/style>\n    <\/div>\n \n\n        <\/div>\n      <\/div>\n\n            \n<style>\n#banner-1373819221 {\n  padding-top: 350px;\n}\n<\/style>\n  <\/div>\n\n\n\n\t<section class=\"section\" id=\"section_610924614\">\n\t\t<div class=\"section-bg fill\" >\n\t\t\t<img decoding=\"async\" width=\"1280\" height=\"1920\" data-src=\"https:\/\/bitozziscale.com\/wp-content\/uploads\/2025\/09\/Laboratorio-5.webp\" class=\"bg attachment- size- lazyload\" alt=\"Laboratorio\" src=\"data:image\/svg+xml;base64,PHN2ZyB3aWR0aD0iMSIgaGVpZ2h0PSIxIiB4bWxucz0iaHR0cDovL3d3dy53My5vcmcvMjAwMC9zdmciPjwvc3ZnPg==\" style=\"--smush-placeholder-width: 1280px; --smush-placeholder-aspect-ratio: 1280\/1920;\" \/>\t\t\t\t\t\t\n\t\t\t\n\t<div class=\"is-border\"\n\t\tstyle=\"border-color:rgb(235, 235, 235);border-width:0px 0px 0px 0px;\">\n\t<\/div>\n\n\t\t<\/div>\n\n\t\t\n\t<div class=\"ux-shape-divider ux-shape-divider--bottom ux-shape-divider--style-waves-opacity-3\">\n\t\t<svg viewBox=\"0 0 1000 300\" xmlns=\"http:\/\/www.w3.org\/2000\/svg\" preserveAspectRatio=\"none\">\n\t<path class=\"ux-shape-fill\" opacity=\"0.05\" d=\"M1014 264V386H206L34 300C34 300 344.42 277.16 436 221C542 156 590 160 704 209C811 255 899.11 214.94 979 346L1014 264Z\"\/>\n\t<path class=\"ux-shape-fill\" opacity=\"0.1\" d=\"M-302 55C-302 55 -66.73 263.25 50 214C178 160 283 116 353 141C445.68 174.1 534.28 256.19 588 249C692.9 235 764.52 75.94 855 131C940.61 183.09 1000 254 1000 254V328L-306 338L-302 55Z\"\/>\n\t<path class=\"ux-shape-fill\" opacity=\"0.15\" d=\"M-286 255C-286 255 -72 152 52 126C176 100 255 155 436 227C581.57 284.91 614.7 277.79 708 227C787 184 1009 3.0001 1093 164C1146 265.63 1031 293 1031 293L924 377L-288 389L-286 255Z\"\/>\n\t<path class=\"ux-shape-fill\" opacity=\"0.3\" d=\"M-24 69C-24 69 275.68 370.66 389 314C397 310 622 316 673 356C690.47 369.7 845 224 890 182C944.8 130.85 1018 92 1078 143C1154.12 207.7 1196 242 1196 242L1184 374L-28 386L-24 69Z\"\/>\n\t<path class=\"ux-shape-fill\" d=\"M-12 201C-12 201 58 284 182 258C306 232 342.29 221.23 456 264C565 305 640.82 288.36 721 249C776 222 837.5 191.31 935 253C984 284 1030 279 1030 279L1024 430L-12 440V201Z\"\/>\n<\/svg>\n\t<\/div>\n\n\t\t<div class=\"section-content relative\">\n\t\t\t\n\n<div class=\"row row-large align-middle align-center\"  id=\"row-1669717933\">\n\n\n\t<div id=\"col-190446928\" class=\"col medium-10 small-12 large-10\"  >\n\t\t\t\t<div class=\"col-inner box-shadow-2 box-shadow-5-hover\" style=\"background-color:rgb(255, 255, 255);\" >\n\t\t\t\n\t\t\t\n\n<p style=\"text-align: center;\"><style id=\"wpforms-css-vars-341\">\n\t\t\t\t#wpforms-341 {\n\t\t\t\t--wpforms-field-border-color: rgba(0, 0, 0, 0.25);\n--wpforms-field-border-color-spare: rgba(0, 0, 0, 0.25);\n--wpforms-field-text-color: rgba(0, 0, 0, 0.7);\n--wpforms-label-color: rgba(0, 0, 0, 0.85);\n--wpforms-label-sublabel-color: rgba(0, 0, 0, 0.55);\n--wpforms-button-background-color: #dd8827;\n--wpforms-container-padding: 0px;\n--wpforms-container-border-width: 1px;\n--wpforms-container-border-radius: 3px;\n--wpforms-background-color: rgba(0, 0, 0, 0);\n--wpforms-field-size-input-height: 43px;\n--wpforms-field-size-input-spacing: 15px;\n--wpforms-field-size-font-size: 16px;\n--wpforms-field-size-line-height: 19px;\n--wpforms-field-size-padding-h: 14px;\n--wpforms-field-size-checkbox-size: 16px;\n--wpforms-field-size-sublabel-spacing: 5px;\n--wpforms-field-size-icon-size: 1;\n--wpforms-label-size-font-size: 16px;\n--wpforms-label-size-line-height: 19px;\n--wpforms-label-size-sublabel-font-size: 14px;\n--wpforms-label-size-sublabel-line-height: 17px;\n--wpforms-button-size-font-size: 17px;\n--wpforms-button-size-height: 41px;\n--wpforms-button-size-padding-h: 15px;\n--wpforms-button-size-margin-top: 10px;\n--wpforms-container-shadow-size-box-shadow: none;\n\t\t\t}\n\t\t\t<\/style><div class=\"wpforms-container wpforms-container-full wpforms-render-modern\" id=\"wpforms-341\"><form id=\"wpforms-form-341\" class=\"wpforms-validate wpforms-form wpforms-ajax-form\" data-formid=\"341\" method=\"post\" enctype=\"multipart\/form-data\" action=\"\/index.php\/wp-json\/wp\/v2\/pages\/349\" data-token=\"5268cbe5091ad225c61de20dfdd2fd7b\" data-token-time=\"1776305314\"><noscript class=\"wpforms-error-noscript\">Abilita JavaScript nel browser per completare questo modulo.<\/noscript><div id=\"wpforms-error-noscript\" style=\"display: none;\">Abilita JavaScript nel browser per completare questo modulo.<\/div><div class=\"wpforms-field-container\"><div id=\"wpforms-341-field_1-container\" class=\"wpforms-field wpforms-field-name\" data-field-id=\"1\"><fieldset><legend class=\"wpforms-field-label\">NOME <span class=\"wpforms-required-label\" aria-hidden=\"true\">*<\/span><\/legend><div class=\"wpforms-field-row wpforms-field-medium\"><div class=\"wpforms-field-row-block wpforms-first wpforms-one-half\"><input type=\"text\" id=\"wpforms-341-field_1\" class=\"wpforms-field-name-first wpforms-field-required\" name=\"wpforms[fields][1][first]\" aria-errormessage=\"wpforms-341-field_1-error\" required><label for=\"wpforms-341-field_1\" class=\"wpforms-field-sublabel after\">Nome<\/label><\/div><div class=\"wpforms-field-row-block wpforms-one-half\"><input type=\"text\" id=\"wpforms-341-field_1-last\" class=\"wpforms-field-name-last wpforms-field-required\" name=\"wpforms[fields][1][last]\" aria-errormessage=\"wpforms-341-field_1-last-error\" required><label for=\"wpforms-341-field_1-last\" class=\"wpforms-field-sublabel after\">Cognome<\/label><\/div><\/div><\/fieldset><\/div><div id=\"wpforms-341-field_10-container\" class=\"wpforms-field wpforms-field-text\" data-field-id=\"10\"><label class=\"wpforms-field-label\" for=\"wpforms-341-field_10\">PROVINCIA <span class=\"wpforms-required-label\" aria-hidden=\"true\">*<\/span><\/label><input type=\"text\" id=\"wpforms-341-field_10\" class=\"wpforms-field-medium wpforms-field-required\" name=\"wpforms[fields][10]\" aria-errormessage=\"wpforms-341-field_10-error\" required><\/div><div id=\"wpforms-341-field_2-container\" class=\"wpforms-field wpforms-field-email\" data-field-id=\"2\"><label class=\"wpforms-field-label\" for=\"wpforms-341-field_2\">E-MAIL <span class=\"wpforms-required-label\" aria-hidden=\"true\">*<\/span><\/label><input type=\"email\" id=\"wpforms-341-field_2\" class=\"wpforms-field-medium wpforms-field-required\" name=\"wpforms[fields][2]\" spellcheck=\"false\" aria-errormessage=\"wpforms-341-field_2-error\" required><\/div><div id=\"wpforms-341-field_4-container\" class=\"wpforms-field wpforms-field-number\" data-field-id=\"4\"><label class=\"wpforms-field-label\" for=\"wpforms-341-field_4\">TELEFONO <span class=\"wpforms-required-label\" aria-hidden=\"true\">*<\/span><\/label><input type=\"number\" id=\"wpforms-341-field_4\" class=\"wpforms-field-medium wpforms-field-required\" name=\"wpforms[fields][4]\" step=\"any\" aria-errormessage=\"wpforms-341-field_4-error\" required><\/div><div id=\"wpforms-341-field_7-container\" class=\"wpforms-field wpforms-field-select wpforms-field-select-style-classic\" data-field-id=\"7\"><label class=\"wpforms-field-label\" for=\"wpforms-341-field_7\">TIPOLOGIA SCALA<\/label><select id=\"wpforms-341-field_7\" class=\"wpforms-field-medium\" name=\"wpforms[fields][7]\"><option value=\"Seleziona o prosegui\"  class=\"choice-5 depth-1\"  >Seleziona o prosegui<\/option><option value=\"A MENSOLA O SBALZO\"  class=\"choice-1 depth-1\"  >A MENSOLA O SBALZO<\/option><option value=\"A CHIOCCIOLA\"  class=\"choice-2 depth-1\"  >A CHIOCCIOLA<\/option><option value=\"AUTOPORTANTE\"  class=\"choice-3 depth-1\"  >AUTOPORTANTE<\/option><option value=\"ELICOIDALE\"  class=\"choice-4 depth-1\"  >ELICOIDALE<\/option><\/select><div id=\"wpforms-341-field_7-description\" class=\"wpforms-field-description\">Se hai gi\u00e0 chiara la tipologia di scala, selezionala dal men\u00f9 a tendina, oppure prosegui.<\/div><\/div><div id=\"wpforms-341-field_8-container\" class=\"wpforms-field wpforms-field-select wpforms-field-select-style-classic\" data-field-id=\"8\"><label class=\"wpforms-field-label\" for=\"wpforms-341-field_8\">MATERIALE SCALA<\/label><select id=\"wpforms-341-field_8\" class=\"wpforms-field-medium\" name=\"wpforms[fields][8]\"><option value=\"Seleziona o prosegui\"  class=\"choice-5 depth-1\"  >Seleziona o prosegui<\/option><option value=\"IN LEGNO\"  class=\"choice-1 depth-1\"  >IN LEGNO<\/option><option value=\"IN VETRO\"  class=\"choice-2 depth-1\"  >IN VETRO<\/option><option value=\"IN FERRO\"  class=\"choice-3 depth-1\"  >IN FERRO<\/option><option value=\"IN GRES\"  class=\"choice-4 depth-1\"  >IN GRES<\/option><\/select><div id=\"wpforms-341-field_8-description\" class=\"wpforms-field-description\">Se hai gi\u00e0 scelto il materiale, selezionalo dal men\u00f9 a tendina, oppure prosegui.<\/div><\/div>\t\t<div id=\"wpforms-341-field_11-container\"\n\t\t\tclass=\"wpforms-field wpforms-field-text\"\n\t\t\tdata-field-type=\"text\"\n\t\t\tdata-field-id=\"11\"\n\t\t\t>\n\t\t\t<label class=\"wpforms-field-label\" for=\"wpforms-341-field_11\" >SCALA TIPOLOGIA 50%<\/label>\n\t\t\t<input type=\"text\" id=\"wpforms-341-field_11\" class=\"wpforms-field-medium\" name=\"wpforms[fields][11]\" >\n\t\t<\/div>\n\t\t<div id=\"wpforms-341-field_9-container\" class=\"wpforms-field wpforms-field-select wpforms-field-select-style-classic\" data-field-id=\"9\"><label class=\"wpforms-field-label\" for=\"wpforms-341-field_9\">BONUS 50%<\/label><select id=\"wpforms-341-field_9\" class=\"wpforms-field-small\" name=\"wpforms[fields][9]\"><option value=\"Sono interessato\"  class=\"choice-1 depth-1\"  >Sono interessato<\/option><option value=\"Non sono interessato\"  class=\"choice-2 depth-1\"  >Non sono interessato<\/option><\/select><\/div><div id=\"wpforms-341-field_3-container\" class=\"wpforms-field wpforms-field-textarea\" data-field-id=\"3\"><label class=\"wpforms-field-label\" for=\"wpforms-341-field_3\">RACCONTACI IL TUO PROGETTO<\/label><textarea id=\"wpforms-341-field_3\" class=\"wpforms-field-medium\" name=\"wpforms[fields][3]\" aria-errormessage=\"wpforms-341-field_3-error\" ><\/textarea><\/div><div id=\"wpforms-341-field_6-container\" class=\"wpforms-field wpforms-field-checkbox wpforms-list-inline\" data-field-id=\"6\"><fieldset><legend class=\"wpforms-field-label\">COME PREFERISCI ESSERE RICONTATTATO? <span class=\"wpforms-required-label\" aria-hidden=\"true\">*<\/span><\/legend><ul id=\"wpforms-341-field_6\" class=\"wpforms-field-required wpforms-icon-choices wpforms-icon-choices-default wpforms-icon-choices-small\" style=\"--wpforms-icon-choices-color: #dd8827;\"><li class=\"choice-1 depth-1 wpforms-icon-choices-item\"><label class=\"wpforms-field-label-inline\" for=\"wpforms-341-field_6_1\">\n\t\t\t\t<span class=\"wpforms-icon-choices-icon\">\n\t\t\t\t\t<svg xmlns=\"http:\/\/www.w3.org\/2000\/svg\" width=\"40\" height=\"32\" viewBox=\"0 0 512 512\"><!--! Font Awesome Free 6.4.0 by @fontawesome - https:\/\/fontawesome.com License - https:\/\/fontawesome.com\/license\/free (Icons: CC BY 4.0, Fonts: SIL OFL 1.1, Code: MIT License) Copyright 2023 Fonticons, Inc. --><path d=\"M64 112c-8.8 0-16 7.2-16 16v22.1L220.5 291.7c20.7 17 50.4 17 71.1 0L464 150.1V128c0-8.8-7.2-16-16-16H64zM48 212.2V384c0 8.8 7.2 16 16 16H448c8.8 0 16-7.2 16-16V212.2L322 328.8c-38.4 31.5-93.7 31.5-132 0L48 212.2zM0 128C0 92.7 28.7 64 64 64H448c35.3 0 64 28.7 64 64V384c0 35.3-28.7 64-64 64H64c-35.3 0-64-28.7-64-64V128z\"\/><\/svg>\n\t\t\t\t\t<span class=\"wpforms-icon-choices-icon-bg\"><\/span>\n\t\t\t\t<\/span>\n\t\t\t\t<input type=\"checkbox\" id=\"wpforms-341-field_6_1\" class=\"wpforms-screen-reader-element\" name=\"wpforms[fields][6][]\" value=\"E-MAIL\" aria-errormessage=\"wpforms-341-field_6_1-error\" required >\n\t\t\t\t<span class=\"wpforms-icon-choices-label\">E-MAIL<\/span>\n\t\t\t<\/label><\/li><li class=\"choice-2 depth-1 wpforms-icon-choices-item\"><label class=\"wpforms-field-label-inline\" for=\"wpforms-341-field_6_2\">\n\t\t\t\t<span class=\"wpforms-icon-choices-icon\">\n\t\t\t\t\t<svg xmlns=\"http:\/\/www.w3.org\/2000\/svg\" width=\"40\" height=\"32\" viewBox=\"0 0 512 512\"><!--! Font Awesome Free 6.4.0 by @fontawesome - https:\/\/fontawesome.com License - https:\/\/fontawesome.com\/license\/free (Icons: CC BY 4.0, Fonts: SIL OFL 1.1, Code: MIT License) Copyright 2023 Fonticons, Inc. --><path d=\"M164.9 24.6c-7.7-18.6-28-28.5-47.4-23.2l-88 24C12.1 30.2 0 46 0 64C0 311.4 200.6 512 448 512c18 0 33.8-12.1 38.6-29.5l24-88c5.3-19.4-4.6-39.7-23.2-47.4l-96-40c-16.3-6.8-35.2-2.1-46.3 11.6L304.7 368C234.3 334.7 177.3 277.7 144 207.3L193.3 167c13.7-11.2 18.4-30 11.6-46.3l-40-96z\"\/><\/svg>\n\t\t\t\t\t<span class=\"wpforms-icon-choices-icon-bg\"><\/span>\n\t\t\t\t<\/span>\n\t\t\t\t<input type=\"checkbox\" id=\"wpforms-341-field_6_2\" class=\"wpforms-screen-reader-element\" name=\"wpforms[fields][6][]\" value=\"TELEFONO\" aria-errormessage=\"wpforms-341-field_6_2-error\" required >\n\t\t\t\t<span class=\"wpforms-icon-choices-label\">TELEFONO<\/span>\n\t\t\t<\/label><\/li><\/ul><\/fieldset><\/div><div id=\"wpforms-341-field_5-container\" class=\"wpforms-field wpforms-field-checkbox\" data-field-id=\"5\"><fieldset><legend class=\"wpforms-field-label\">PRIVACY <span class=\"wpforms-required-label\" aria-hidden=\"true\">*<\/span><\/legend><ul id=\"wpforms-341-field_5\" class=\"wpforms-field-required\"><li class=\"choice-1 depth-1\"><input type=\"checkbox\" id=\"wpforms-341-field_5_1\" name=\"wpforms[fields][5][]\" value=\"Acconsento al trattamento dei dati personali come qui di seguito specificato.\" aria-errormessage=\"wpforms-341-field_5_1-error\" aria-describedby=\"wpforms-341-field_5-description\" required ><label class=\"wpforms-field-label-inline\" for=\"wpforms-341-field_5_1\">Acconsento al trattamento dei dati personali come qui di seguito specificato.<\/label><\/li><\/ul><div id=\"wpforms-341-field_5-description\" class=\"wpforms-field-description wpforms-disclaimer-description\">Informativa Privacy delle Form contatti<br \/>\nI dati personali inviati tramite i moduli di contatto presenti su questo sito saranno utilizzati esclusivamente per rispondere alle richieste ricevute. Non verranno in alcun modo utilizzati per finalit\u00e0 di marketing, n\u00e9 ceduti o comunicati a terzi. Il trattamento avverr\u00e0 nel rispetto della normativa vigente in materia di protezione dei dati personali (Regolamento UE 2016\/679 \u2013 GDPR), garantendo riservatezza, sicurezza e uso limitato ai soli fini della comunicazione richiesta.<\/div><\/fieldset><\/div><script>\n\t\t\t\t( function() {\n\t\t\t\t\tconst style = document.createElement( 'style' );\n\t\t\t\t\tstyle.appendChild( document.createTextNode( '#wpforms-341-field_11-container { position: absolute !important; overflow: hidden !important; display: inline !important; height: 1px !important; width: 1px !important; z-index: -1000 !important; padding: 0 !important; } #wpforms-341-field_11-container input { visibility: hidden; } #wpforms-conversational-form-page #wpforms-341-field_11-container label { counter-increment: none; }' ) );\n\t\t\t\t\tdocument.head.appendChild( style );\n\t\t\t\t\tdocument.currentScript?.remove();\n\t\t\t\t} )();\n\t\t\t<\/script><\/div><!-- .wpforms-field-container --><div class=\"wpforms-submit-container\" ><input type=\"hidden\" name=\"wpforms[id]\" value=\"341\"><input type=\"hidden\" name=\"page_title\" value=\"\"><input type=\"hidden\" name=\"page_url\" value=\"https:\/\/bitozziscale.com\/index.php\/wp-json\/wp\/v2\/pages\/349\"><input type=\"hidden\" name=\"url_referer\" value=\"\"><button type=\"submit\" name=\"wpforms[submit]\" id=\"wpforms-submit-341\" class=\"wpforms-submit\" data-alt-text=\"Invio in corso...\" data-submit-text=\"INVIA\" aria-live=\"assertive\" value=\"wpforms-submit\">INVIA<\/button><img decoding=\"async\" data-src=\"https:\/\/bitozziscale.com\/wp-content\/plugins\/wpforms-lite\/assets\/images\/submit-spin.svg\" class=\"wpforms-submit-spinner lazyload\" style=\"--smush-placeholder-width: 26px; --smush-placeholder-aspect-ratio: 26\/26;display: none;\" width=\"26\" height=\"26\" alt=\"Caricamento\" src=\"data:image\/svg+xml;base64,PHN2ZyB3aWR0aD0iMSIgaGVpZ2h0PSIxIiB4bWxucz0iaHR0cDovL3d3dy53My5vcmcvMjAwMC9zdmciPjwvc3ZnPg==\"><\/div><\/form><\/div>  <!-- .wpforms-container -->\n\n\t\t<\/div>\n\t\t\t\t\n<style>\n#col-190446928 > .col-inner {\n  padding: 15px 15px 15px 15px;\n  border-radius: 20px;\n}\n<\/style>\n\t<\/div>\n\n\t\n\n<\/div>\n\n\t\t<\/div>\n\n\t\t\n<style>\n#section_610924614 {\n  padding-top: 59px;\n  padding-bottom: 59px;\n  min-height: 300px;\n  background-color: rgb(228, 228, 228);\n}\n#section_610924614 .section-bg img {\n  object-position: 55% 7%;\n}\n#section_610924614 .ux-shape-divider--bottom svg {\n  height: 150px;\n  --divider-width: 100%;\n}\n<\/style>\n\t<\/section>\n\t\n<span class=\"scroll-to\" data-label=\"Scroll to: #dovesiamo\" data-bullet=\"false\" data-link=\"#dovesiamo\" data-title=\"#dovesiamo\" ><a name=\"dovesiamo\"><\/a><\/span>\n\n\n\t<section class=\"section\" id=\"section_554985545\">\n\t\t<div class=\"section-bg fill\" >\n\t\t\t\t\t\t\t\t\t<div class=\"section-bg-overlay absolute fill\"><\/div>\n\t\t\t\n\t<div class=\"is-border\"\n\t\tstyle=\"border-color:rgb(235, 235, 235);border-width:0px 0px 0px 0px;\">\n\t<\/div>\n\n\t\t<\/div>\n\n\t\t\t<div class=\"ux-shape-divider ux-shape-divider--top ux-shape-divider--style-waves-opacity-3\">\n\t\t<svg viewBox=\"0 0 1000 300\" xmlns=\"http:\/\/www.w3.org\/2000\/svg\" preserveAspectRatio=\"none\">\n\t<path class=\"ux-shape-fill\" opacity=\"0.05\" d=\"M1014 264V386H206L34 300C34 300 344.42 277.16 436 221C542 156 590 160 704 209C811 255 899.11 214.94 979 346L1014 264Z\"\/>\n\t<path class=\"ux-shape-fill\" opacity=\"0.1\" d=\"M-302 55C-302 55 -66.73 263.25 50 214C178 160 283 116 353 141C445.68 174.1 534.28 256.19 588 249C692.9 235 764.52 75.94 855 131C940.61 183.09 1000 254 1000 254V328L-306 338L-302 55Z\"\/>\n\t<path class=\"ux-shape-fill\" opacity=\"0.15\" d=\"M-286 255C-286 255 -72 152 52 126C176 100 255 155 436 227C581.57 284.91 614.7 277.79 708 227C787 184 1009 3.0001 1093 164C1146 265.63 1031 293 1031 293L924 377L-288 389L-286 255Z\"\/>\n\t<path class=\"ux-shape-fill\" opacity=\"0.3\" d=\"M-24 69C-24 69 275.68 370.66 389 314C397 310 622 316 673 356C690.47 369.7 845 224 890 182C944.8 130.85 1018 92 1078 143C1154.12 207.7 1196 242 1196 242L1184 374L-28 386L-24 69Z\"\/>\n\t<path class=\"ux-shape-fill\" d=\"M-12 201C-12 201 58 284 182 258C306 232 342.29 221.23 456 264C565 305 640.82 288.36 721 249C776 222 837.5 191.31 935 253C984 284 1030 279 1030 279L1024 430L-12 440V201Z\"\/>\n<\/svg>\n\t<\/div>\n\n\n\t\t<div class=\"section-content relative\">\n\t\t\t\n\n<div class=\"row row-large align-middle align-center\"  id=\"row-369074336\">\n\n\n\t<div id=\"col-916717146\" class=\"col medium-6 small-12 large-6\"  >\n\t\t\t\t<div class=\"col-inner text-center\"  >\n\t\t\t\n\t\t\t\n\n\t<div id=\"text-2086628209\" class=\"text\">\n\t\t\n\n<p>\u00a0<\/p>\n<h2><span style=\"color: #ffffff;\">Se vuoi venire a visitarci presso il nostro showroom ed il laboratorio<\/span><\/h2>\n<p><span style=\"color: #ffffff;\">Dal lunedi al venerdi con orario 8:30\/12:15 &#8211; 14:45\/19:30<\/span><\/p>\n<p><span style=\"color: #ffffff;\">Il sabato riceviamo solo su appuntamento (0587685357)<\/span><\/p>\n\t\t\n<style>\n#text-2086628209 {\n  color: rgb(255,255,255);\n}\n#text-2086628209 > * {\n  color: rgb(255,255,255);\n}\n<\/style>\n\t<\/div>\n\t\n\n\t\t<\/div>\n\t\t\t\t\t<\/div>\n\n\t\n\n\t<div id=\"col-35682050\" class=\"col medium-6 small-12 large-6\"  >\n\t\t\t\t<div class=\"col-inner box-shadow-2 box-shadow-5-hover\" style=\"background-color:rgb(255, 255, 255);\" >\n\t\t\t\n\t\t\t\n\n<h1 style=\"text-align: center;\"><span style=\"color: #dd8827;\"><strong>BITOZZI SCALE<\/strong><\/span><\/h1>\n<p style=\"text-align: center;\">Via del Commercio, 49, 56035 La Capannina (PI)<\/p>\n<a href=\"https:\/\/maps.app.goo.gl\/5UeGANjZSnPQv38U9\" target=\"_blank\" class=\"button primary is-outline expand\" rel=\"noopener\"  >\n\t<i class=\"icon-map-pin-fill\" aria-hidden=\"true\" ><\/i>\t<span>mappa e navigatore stradale<\/span>\n\t<\/a>\n\n\n\n\t\t<\/div>\n\t\t\t\t\n<style>\n#col-35682050 > .col-inner {\n  padding: 15px 15px 15px 15px;\n  border-radius: 20px;\n}\n<\/style>\n\t<\/div>\n\n\t\n\n<\/div>\n\n\t\t<\/div>\n\n\t\t\n<style>\n#section_554985545 {\n  padding-top: 59px;\n  padding-bottom: 59px;\n  min-height: 300px;\n  background-color: rgb(221, 136, 39);\n}\n#section_554985545 .section-bg-overlay {\n  background-color: rgba(0,0,0,.5);\n}\n#section_554985545 .ux-shape-divider--top svg {\n  height: 150px;\n  --divider-top-width: 100%;\n}\n<\/style>\n\t<\/section>\n\t\n<div class=\"social-icons follow-icons full-width text-center\" style=\"font-size:120%\"><a href=\"https:\/\/www.facebook.com\/BitozziF.lliScale\/\" target=\"_blank\" data-label=\"Facebook\" class=\"icon plain facebook tooltip\" title=\"Seguici su Facebook\" aria-label=\"Seguici su Facebook\" rel=\"noopener nofollow\" ><i class=\"icon-facebook\" ><\/i><\/a><a href=\"https:\/\/www.instagram.com\/bitozziscale\/\" target=\"_blank\" data-label=\"Instagram\" class=\"icon plain instagram tooltip\" title=\"Seguici su Instagram\" aria-label=\"Seguici su Instagram\" rel=\"noopener nofollow\" ><i class=\"icon-instagram\" ><\/i><\/a><a href=\"mailto:info@bitozziscale.it\" data-label=\"E-mail\" target=\"_blank\" class=\"icon plain email tooltip\" title=\"Inviaci un&#039;email\" aria-label=\"Inviaci un&#039;email\" rel=\"nofollow noopener\" ><i class=\"icon-envelop\" ><\/i><\/a><a href=\"tel:0587685357\" data-label=\"Phone\" target=\"_blank\" class=\"icon plain phone tooltip\" title=\"Chiamaci\" aria-label=\"Chiamaci\" rel=\"nofollow noopener\" ><i class=\"icon-phone\" ><\/i><\/a><a href=\"https:\/\/www.linkedin.com\/in\/bitozzi-f-lli-scale-0aa99a144\" data-label=\"LinkedIn\" target=\"_blank\" class=\"icon plain linkedin tooltip\" title=\"Segui su LinkedIn\" aria-label=\"Segui su LinkedIn\" rel=\"noopener nofollow\" ><i class=\"icon-linkedin\" ><\/i><\/a><\/div>\n\n\n","protected":false},"excerpt":{"rendered":"","protected":false},"author":1,"featured_media":0,"parent":0,"menu_order":11,"comment_status":"closed","ping_status":"closed","template":"page-transparent-header.php","meta":{"slim_seo":{"title":"CONTATTI - Bitozzi Scale","description":"CONTATTACI Compila il form per ricevere informazioni o un preventivo personalizzato. Siamo qui per trasformare le tue idee in realt\u00e0 oppure vieni a visitare il"},"iawp_total_views":535,"footnotes":""},"class_list":["post-349","page","type-page","status-publish","hentry"],"_links":{"self":[{"href":"https:\/\/bitozziscale.com\/index.php\/wp-json\/wp\/v2\/pages\/349","targetHints":{"allow":["GET"]}}],"collection":[{"href":"https:\/\/bitozziscale.com\/index.php\/wp-json\/wp\/v2\/pages"}],"about":[{"href":"https:\/\/bitozziscale.com\/index.php\/wp-json\/wp\/v2\/types\/page"}],"author":[{"embeddable":true,"href":"https:\/\/bitozziscale.com\/index.php\/wp-json\/wp\/v2\/users\/1"}],"replies":[{"embeddable":true,"href":"https:\/\/bitozziscale.com\/index.php\/wp-json\/wp\/v2\/comments?post=349"}],"version-history":[{"count":17,"href":"https:\/\/bitozziscale.com\/index.php\/wp-json\/wp\/v2\/pages\/349\/revisions"}],"predecessor-version":[{"id":595,"href":"https:\/\/bitozziscale.com\/index.php\/wp-json\/wp\/v2\/pages\/349\/revisions\/595"}],"wp:attachment":[{"href":"https:\/\/bitozziscale.com\/index.php\/wp-json\/wp\/v2\/media?parent=349"}],"curies":[{"name":"wp","href":"https:\/\/api.w.org\/{rel}","templated":true}]}}